{"id":41,"date":"2022-06-08T21:09:05","date_gmt":"2022-06-08T19:09:05","guid":{"rendered":"https:\/\/wud-clan.de\/?page_id=41"},"modified":"2022-06-19T10:24:30","modified_gmt":"2022-06-19T08:24:30","slug":"ueber-uns","status":"publish","type":"page","link":"https:\/\/wud-clan.de\/index.php\/ueber-uns\/","title":{"rendered":"\u00dcber uns"},"content":{"rendered":"\n<figure class=\"wp-block-image size-full is-resized is-style-default\"><img loading=\"lazy\" decoding=\"async\" src=\"https:\/\/wud-clan.de\/wp-content\/uploads\/2022\/06\/img_263.jpg\" alt=\"\" class=\"wp-image-160\" width=\"840\" height=\"210\" srcset=\"https:\/\/wud-clan.de\/wp-content\/uploads\/2022\/06\/img_263.jpg 700w, https:\/\/wud-clan.de\/wp-content\/uploads\/2022\/06\/img_263-300x75.jpg 300w\" sizes=\"(max-width: 840px) 100vw, 840px\" \/><\/figure>\n\n\n\n<p>Die Geschichte der WuD am 21.11.2013<br>WUD History:<\/p>\n\n\n\n<p>Nachdem sich einige bekloppte Remscheider Jugendliche \u00f6fter zu kleinen LAN Party verabredet hatten beschlossen Loki (Alexander Manske), Azrael (Jos\u00e9 Rodrigues) und Matthauser (meine Wenigkeit; Matthias Weber) sich als Internet Clan zusammenzuschlie\u00dfen. Die erste Idee f\u00fcr einen Clan Namen viel auf \u201eDrunken Killers\u201c \u2013 da auf LAN Partys ja immer entsprechend Alkohol floss. Da dieser Clan-Name allerdings damals in der Clanbase schon vergeben war, dachten wir uns einen Namen aus, dessen K\u00fcrzel nicht ein einziges mal auftauchte.<\/p>\n\n\n\n<p>So wurde am 15. Februar 2001 der Clan Warriors of Ultimate Destruction gegr\u00fcndet.<\/p>\n\n\n\n<figure class=\"wp-block-gallery has-nested-images columns-default is-cropped wp-block-gallery-1 is-layout-flex wp-block-gallery-is-layout-flex\">\n<figure class=\"wp-block-image size-large\"><a href=\"https:\/\/wud-clan.de\/wp-content\/uploads\/2022\/06\/img_253.jpg\"><img loading=\"lazy\" decoding=\"async\" width=\"100\" height=\"60\" data-id=\"156\" src=\"https:\/\/wud-clan.de\/wp-content\/uploads\/2022\/06\/img_253.jpg\" alt=\"\" class=\"wp-image-156\"\/><\/a><\/figure>\n\n\n\n<figure class=\"wp-block-image size-large\"><a href=\"https:\/\/wud-clan.de\/wp-content\/uploads\/2022\/06\/img_260.jpg\"><img loading=\"lazy\" decoding=\"async\" width=\"100\" height=\"100\" data-id=\"157\" src=\"https:\/\/wud-clan.de\/wp-content\/uploads\/2022\/06\/img_260.jpg\" alt=\"\" class=\"wp-image-157\"\/><\/a><\/figure>\n\n\n\n<figure class=\"wp-block-image size-large\"><a href=\"https:\/\/wud-clan.de\/wp-content\/uploads\/2022\/06\/img_5.jpg\"><img loading=\"lazy\" decoding=\"async\" width=\"100\" height=\"100\" data-id=\"149\" src=\"https:\/\/wud-clan.de\/wp-content\/uploads\/2022\/06\/img_5.jpg\" alt=\"\" class=\"wp-image-149\"\/><\/a><\/figure>\n<figcaption class=\"blocks-gallery-caption\">Unsere ersten low-pixel Clanlogos<\/figcaption><\/figure>\n\n\n\n<p>Zu Beginn war unser Clan als Multi-Gaming Clan gedacht, wobei wir in Counterstrike, Q3A und Worms Armageddon vertreten sein wollten. Nach und nach haben wir uns aber nur noch auf CS konzentriert.<br>Wir bestanden zu Beginn nur aus Remscheidern, welche sich im engeren Freundeskreis bereits schon kannten.<br>Da wir aber wirklich nicht gut waren, selten mit 5 Leuten online waren und so nie trainierten, \u00fcber keine Flatrates verf\u00fcgten und keinen eigenen Server hatten \u2013 fingen wir uns eine dicke Niederlage nach der anderen in der CB ein.<br>Nach viel Frust und Krampf gab Loki das Amt des Leaders nach ca. einem halben Jahr auf, und Azrael erkl\u00e4rte sich bereit, das Amt zu \u00fcbernehmen.<br>Jedoch waren wir alle nicht sehr motiviert und auch neue Remscheider Member blieben nicht lange bei uns.<br>Da wir so absolut keinen Spa\u00df mehr am Spiel hatten gab auch Azrael gegen Ende des Jahres das Amt des Leaders an mich (Matthauser) ab.<br>Da ich den Clan so nicht aufgeben wollte entschied ich mich, uns nicht mehr als RS-only Clan anzusehen und suchte auf jeglichen Public Servern neue Member aus ganz Deutschland.<br>Kurz vorm Ende konnte ich so das Ruder wieder herumrei\u00dfen und uns halbwegs \u00fcber Wasser halten.<br>Nun leite ich diesen Clan schon seit Anfang 2002 und habe mit diesem sehr sch\u00f6ne, schwere lustige und frustige Zeiten durchlebt, aber ich war nie Bereit unseren Clan aufzugeben. Viele Mitglieder kamen und gingen \u2013 doch nun scheint endlich wieder ein wenig Stabilit\u00e4t und Lust am etwas organisierterem \u201eZocken\u201c eingekehrt zu sein und seit Juni 2005 sind wir wieder aktiv in der ESL unterwegs und wollten uns nach oben spielen \u2013 und das mit Spa\u00df als Hauptziel!<br>Nach einer erfolgreichen Phase in den ESL Top300 haben uns jedoch einige Member verlassen, und da wir nicht weiter so einen enormen Zeit-Aufwand investieren wollten, waren wir wieder in die gewohnten Regionen zwischen Rang 700 und 1000 zur\u00fcckgekehrt.<\/p>\n\n\n\n<figure class=\"wp-block-image size-full is-resized\"><img loading=\"lazy\" decoding=\"async\" src=\"https:\/\/wud-clan.de\/wp-content\/uploads\/2022\/06\/img_261.jpg\" alt=\"\" class=\"wp-image-158\" width=\"840\" height=\"210\"\/><\/figure>\n\n\n\n<p>Ab August 2006 ging es dann stetig aufw\u00e4rts in der ESL, nachdem ein alter Bekannter Names Virus (heute Joquer) wieder zu uns zur\u00fcck kam, und gleich noch satte Verst\u00e4rkung (Curble und Sonic) mitbrachte. Zus\u00e4tzlich kam noch dIAz zu uns aus Remscheid ins Team und \u00fcbernimmt somit die Rolle des Clank\u00fcckens.<\/p>\n\n\n\n<p>Ende 2006 bekamen wir dann noch mehr Unterst\u00fctzung durch die Remscheider VoXoR, Pabl0r und Jack0r, welche wir nat\u00fcrlich schon \u00fcber Jahre als &#8222;Login-Rivalen&#8220; kannten. Diese wollten endlich mal geregelt terminiert spielen &#8211; und da es bei uns in der ESL relativ ordentlich lief, konnte man auch verschmerzen, das alte Clantag (RS.esports\/SaftLaden) gegen das des Erzrivalen zu tauschen.<br>Somit haben wir nach 6 Jahren wieder eine feste Remscheider Basis aus 8 Leuten und 4 weiteren, die ganz aus der N\u00e4he kommen.<\/p>\n\n\n\n<p>Mit diesem starken Team waren wir wirklich gut in der ESL unterwegs, mit Positionen zwischen Rang 138 und 350 immer im oberen Drittel zu finden.<\/p>\n\n\n\n<p>Wir konzentrieren uns nun wieder nur auf CounterStrike, da unsere Bem\u00fchungen, ein CS Source Team sowie ein BF2 Squad aufzustellen immer daran gescheitert sind, dass sich keiner bereit erkl\u00e4rt hat, durchgehend etwas zu organisieren. Da ich keine Lust hatte, wirklich nur noch &#8222;Orga&#8220; zu sein und meinen Warriors auch immer im Kampf zur Seite stehen will, war es mir allein nicht m\u00f6glich, das alles zu organisieren &#8211; vor allem da unser Root Server mit den weiteren Game-Servern auch gut \u00fcberfordert ist.<\/p>\n\n\n\n<p>Am 10.05.2007 war es dann soweit, unser erstes Clan_Video erschien und brachte satte 568 MB an Kampf-Szenen aller m\u00f6glichen Warriors mit.<br>Nur 3 Monate sp\u00e4ter am 14.08.2007 kam dann auch schon Nachschub, und ein qualitativ deutlich hochwertigeres Video, welches unsere besten Aktionen deutlich kompimierter und mit mehr Aktion darstellt.<br>Beide Videos Stammen aus der Feder von Jack0r aka. team-o mit viel Hilfe von diAz &#8211; beide Videos gibts nat\u00fcrlich direkt bei uns in der Download Sektion!<br>Danke f\u00fcr diese unvergessliche M\u00fche im Namen aller Wuddies!!!<\/p>\n\n\n\n<p>Ich danke allen, die uns kurz oder lang begleitet haben, und vor allem denen die jetzt bei uns sind. Alles in allem hatten wir rund 50 verschiedene Menschen im Clan, von denen jetzt noch 20 im Clan sind und davon 9 aktiv bei CS dabei.<\/p>\n\n\n\n<p>Im Jahr 2009\/2010 haben wir uns mehr und mehr auch in anderen Spielen ausgetobt, beispielsweise GTR Evolution, Left 4 Dead, CS Promod, Freelancer, Battlefield Bad Company oder Haxball.<br>Dadurch haben wir unseren E-Sport Bekanntenkreis etwas erweitern k\u00f6nnen.<br>Leider kam dann zum 01.08.2010 das Ende der ESL MR12 Ladder auf Grund zu geringer Match-Anzahl.<br>Wir haben dann sofort mit unserem Subteam WuD Elite in der MR15 Ladder neu angefangen und schlugen uns ganz gut.<\/p>\n\n\n\n<p>Mitte 2010 haben wir dann endlich den entscheidenden Schritt gewagt uns in einen eingetragenen Verein zu wandeln. Wir durften dann aber auch erfahren, wie schwierig und z\u00e4h das in der Deutschen B\u00fcrokratie werden kann.<br>Nichts desto Trotz haben wir dann am 28.12.2010 offiziell den Eintrag ins Vereinsregister Wuppertal abgesegnet bekommen und dort unter VR 30058 zu finden \u2013 WuD Multigaming e.V. !!!<br>Im Vorstand sind aktuell Matthauser, Merlin, Maluz und Blackjack.<\/p>\n\n\n\n<figure class=\"wp-block-image size-full\"><img loading=\"lazy\" decoding=\"async\" width=\"959\" height=\"478\" src=\"https:\/\/wud-clan.de\/wp-content\/uploads\/2022\/06\/img_2084.jpg\" alt=\"\" class=\"wp-image-164\" srcset=\"https:\/\/wud-clan.de\/wp-content\/uploads\/2022\/06\/img_2084.jpg 959w, https:\/\/wud-clan.de\/wp-content\/uploads\/2022\/06\/img_2084-300x150.jpg 300w, https:\/\/wud-clan.de\/wp-content\/uploads\/2022\/06\/img_2084-768x383.jpg 768w\" sizes=\"(max-width: 959px) 100vw, 959px\" \/><\/figure>\n\n\n\n<p>In folge der Umstellung auf den Clan werden wir nun auch relativ flott unsere Server Situation umstellen und auf eine solidere finanzielle Basis zu gelangen.<\/p>\n\n\n\n<p>2011 standen dann noch eine Sachen an:<br>Wir planten eine gro\u00dfe WuD LAN in Remscheid im Zuge des 150 j\u00e4hrigen Geburtstags des Remscheider Turn Vereins, n\u00e4here Infos gibt es auf http:\/\/www.berg-lan.de\/.<\/p>\n\n\n\n<p>Zudem wollen wir unseren Titel auch in die Tat umsetzen und mehr Multigaming betreiben, da wir aktuell immer noch nur Counterstrike 1.6 organisiert in einer Liga spielten.<\/p>\n\n\n\n<p>Mittlerweile stehen also ein Online Racing, Battlefield, Terraria, LOL, Planetside 2 sowie einige andere Spiele auf der Haben Seite. Zudem hat sich unsere LAN Party &#8222;Berg-LAN&#8220; weiter etabliert und auch wir besuchen weiterhin flei\u00dfig LAN-Partys und sind dort meist gern gesehene G\u00e4ste.<\/p>\n\n\n\n<p>Ich danke allen, die uns t\u00e4glich durch ihre Anwesenheit unterst\u00fctzen und freue mit auf den Beitritt neuer Vereinsmitglieder.<br>Besonderer Dank geht an Maluz, Banana und jAck0r, ohne die wir keine Homepage, funktionierende Datenbanken und mittlerweile 5 WuD Movies h\u00e4tten.<\/p>\n\n\n\n<p>Bleibt sauber und nehmt das \u201eZocken\u201c nicht zu ernst, denn das Leben an sich ist manchmal schon hart genug, auch wenn es seine sch\u00f6nen Seiten hat, die PC spiele nie erreichen werden!<\/p>\n\n\n\n<p>Matthauser<br>Leader von WuD aka. [&lt;=WUD=&gt;] aka. Vorsitzender des WuD Multigaming e.V.<\/p>\n","protected":false},"excerpt":{"rendered":"<p>Die Geschichte der WuD am 21.11.2013WUD History: Nachdem sich einige bekloppte Remscheider Jugendliche \u00f6fter zu kleinen LAN Party verabredet hatten beschlossen Loki (Alexander Manske), Azrael (Jos\u00e9 Rodrigues) und Matthauser (meine Wenigkeit; Matthias Weber) sich als Internet Clan zusammenzuschlie\u00dfen. Die erste Idee f\u00fcr einen Clan Namen viel auf \u201eDrunken Killers\u201c \u2013 da auf LAN Partys ja&#8230;<\/p>\n","protected":false},"author":2,"featured_media":0,"parent":0,"menu_order":0,"comment_status":"closed","ping_status":"closed","template":"","meta":{"saved_in_kubio":false,"footnotes":""},"class_list":["post-41","page","type-page","status-publish","hentry"],"kubio_ai_page_context":{"short_desc":"","purpose":"general"},"_links":{"self":[{"href":"https:\/\/wud-clan.de\/index.php\/wp-json\/wp\/v2\/pages\/41","targetHints":{"allow":["GET"]}}],"collection":[{"href":"https:\/\/wud-clan.de\/index.php\/wp-json\/wp\/v2\/pages"}],"about":[{"href":"https:\/\/wud-clan.de\/index.php\/wp-json\/wp\/v2\/types\/page"}],"author":[{"embeddable":true,"href":"https:\/\/wud-clan.de\/index.php\/wp-json\/wp\/v2\/users\/2"}],"replies":[{"embeddable":true,"href":"https:\/\/wud-clan.de\/index.php\/wp-json\/wp\/v2\/comments?post=41"}],"version-history":[{"count":12,"href":"https:\/\/wud-clan.de\/index.php\/wp-json\/wp\/v2\/pages\/41\/revisions"}],"predecessor-version":[{"id":175,"href":"https:\/\/wud-clan.de\/index.php\/wp-json\/wp\/v2\/pages\/41\/revisions\/175"}],"wp:attachment":[{"href":"https:\/\/wud-clan.de\/index.php\/wp-json\/wp\/v2\/media?parent=41"}],"curies":[{"name":"wp","href":"https:\/\/api.w.org\/{rel}","templated":true}]}}